{"id":22147,"date":"2023-07-03T08:24:21","date_gmt":"2023-07-03T11:24:21","guid":{"rendered":"https:\/\/dalautopecas.com.br\/?post_type=product&#038;p=22147"},"modified":"2025-07-08T11:07:18","modified_gmt":"2025-07-08T14:07:18","slug":"filtro-de-combustivel-wega-fci-1118-unitario-chevrolet-s10-1998","status":"publish","type":"product","link":"https:\/\/dalautopecas.com.br\/index.php\/produto\/filtro-de-combustivel-wega-fci-1118-unitario-chevrolet-s10-1998\/","title":{"rendered":"FILTRO DE COMBUST\u00cdVEL TEMPRA\/ASTRA\/RS6\/&#8230; &#8211; FIAT\/AUDI\/GM\/&#8230; &#8211; FCI1101A &#8211; WEGA"},"content":{"rendered":"<h2><strong>APLICA\u00c7\u00c3O:<\/strong><\/h2>\n<h3><strong>CITROEN<\/strong><\/h3>\n<p><strong>BERLINGO &#8211; (GLX) GASOLINA &#8211; MEC\u00c2NICO 1.8 8V 98\/&#8230;<br \/>\nAX &#8211; (GTI) &#8211; GASOLINA &#8211; AUTOM\u00c1TICO 1.4 8V &#8211; 100 CV 91 &#8211; 96<br \/>\nAX &#8211; GASOLINA &#8211; MEC\u00c2NICO 1.4 8V &#8211; 75 CV &#8211; &#8230;\/91<br \/>\nBX &#8211; (GTI) &#8211; GASOLINA &#8211; AUTOM\u00c1TICO 1.9 16V &#8211; 158 CV \u2013 87\/93<br \/>\nBX &#8211; GASOLINA &#8211; MEC\u00c2NICO 1.4 &#8211; 75 CV- \u00a089\/91<br \/>\nBX &#8211; GASOLINA &#8211; MEC\u00c2NICO 1.4 &#8211; 75 CV &#8211; 91\/96<br \/>\nBX &#8211; INJE\u00c7\u00c3O ELETR\u00d4NICA &#8211; GASOLINA &#8211; MEC\u00c2NICO 1.6 &#8211; 103 CV 86\/93\u00a0 \u00a0 \u00a0 \u00a0 \u00a0 \u00a0 \u00a0 \u00a0 \u00a0 \u00a0 \u00a0 \u00a0 \u00a0 \u00a0 \u00a0 \u00a0 \u00a0 \u00a0 \u00a0 \u00a0 \u00a0 \u00a0 \u00a0 \u00a0 \u00a0 \u00a0 \u00a0 \u00a0 \u00a0 \u00a0 \u00a0 \u00a0 \u00a0 \u00a0 \u00a0 \u00a0 \u00a0 \u00a0 VISA &#8211; (GTI) &#8211; GASOLINA &#8211; MEC\u00c2NICO 1.6 &#8211; 85\/91<br \/>\nXM &#8211; (EXCLUSIVE \/ SENSATION) &#8211; GASOLINA &#8211; MEC\u00c2NICO 2.0 V6 12V &#8211; 114 CV &#8211; 89\/94<br \/>\nZX &#8211; (REFLEX) &#8211; AUTOM\u00c1TICO \/ MEC\u00c2NICO 1.4I &#8211; 92\/96<br \/>\nZX &#8211; (VOLCANE) &#8211; GASOLINA &#8211; AUTOM\u00c1TICO \/ MEC\u00c2NICO 1.9I 8V &#8211; 120 CV &#8211; 91\/96<br \/>\nZX &#8211; (VOLCANE) &#8211; GASOLINA &#8211; AUTOM\u00c1TICO \/ MEC\u00c2NICO 2.0I 8V &#8211; 121 CV &#8211; 94\/97<br \/>\nZX (N2) &#8211; (DAKAR) &#8211; GASOLINA &#8211; AUTOM\u00c1TICO \/ MEC\u00c2NICO 2.0I 16V &#8211; 152 CV &#8211; 92\/96<\/strong><\/p>\n<h3><strong>DAEWOO<\/strong><\/h3>\n<p><strong>PRINCE 2.0 &#8211; 115 CV &#8211; 94\/95<\/strong><\/p>\n<h3><strong>PEUGEOT<\/strong><\/h3>\n<p><strong>106 1.0 8V &#8211; 50 CV &#8211; 97\/01<br \/>\n205 1.4 8V &#8211; 88 CV &#8211; 92\/98<\/strong><\/p>\n<p><strong>306 &#8211; (CABRIOLET \/ XSI ) &#8211; GASOLINA &#8211; MEC\u00c2NICO 2.0 16V &#8211; 121 CV &#8211; 93\/961<\/strong><\/p>\n<h3><strong>FIAT<\/strong><\/h3>\n<p><strong>TEMPRA TURBO &#8211; GASOLINA &#8211; MEC\u00c2NICO 2.0I 8V &#8211; 165 CV &#8211; 95\/98<br \/>\nFIAT TIPO 1.6 8V &#8211; &#8230;\/90<br \/>\nFIAT TIPO &#8211; (MPFI) &#8211; GASOLINA &#8211; MEC\u00c2NICO 1.6 8V &#8211; 92 CV &#8211; 96\/97<br \/>\nFIAT UNO TURBO &#8211; GASOLINA &#8211; MEC\u00c2NICO 1.4 &#8211; 118 CV &#8211; 94\/96<br \/>\nFIAT CINQUECENTO &#8211; GASOLINA &#8211; MEC\u00c2NICO 0.7 &#8211; 40 CV &#8211; 1995<\/strong><\/p>\n<h3><strong>AUDI<\/strong><\/h3>\n<p><strong>\u00a0RS6 BI TURBO &#8211; (AVANT \/ LIMOUSINE \/ QUATTRO) &#8211; GASOLINA &#8211; TIPTRONIC 4.2 V8 40V &#8211; 450 CV &#8211; 03\/04<\/strong><\/p>\n<h3><strong>SEAT<\/strong><\/h3>\n<p><strong>CORDOBA &#8211; (VARIO) &#8211; GASOLINA &#8211; AUTOM\u00c1TICO \/ MEC\u00c2NICO 1.6 8V &#8211; 90 CV &#8211; 96\/97<br \/>\nCORDOBA &#8211; GASOLINA &#8211; MEC\u00c2NICO 2.0 16V &#8211; 150 CV &#8211; 96\/02<br \/>\nCORDOBA GLX &#8211; (GLX \/ GTI \/ SXE) &#8211; GASOLINA &#8211; MEC\u00c2NICO 1.8 &#8211; 90 CV &#8211; 94\/99<br \/>\nIBIZA 1.8 16V &#8211; 129 CV &#8211; 93\/99<br \/>\nIBIZA &#8211; (S\u00c9RIE I) &#8211; GASOLINA &#8211; MEC\u00c2NICO 1.0 8V &#8211; 50 CV &#8211; 96\/99<br \/>\nIBIZA &#8211; (S\u00c9RIE II) &#8211; GASOLINA &#8211; MEC\u00c2NICO 1.6 8V &#8211; 75 CV &#8211; 94\/97<br \/>\nIBIZA ARGENTINO &#8211; (S\u00c9RIE II) &#8211; GASOLINA &#8211; MEC\u00c2NICO 1.6 &#8211; 75 CV &#8211; 93\/97<br \/>\nINCA 1.6 8V &#8211; 75 CV &#8211; 95\/00<\/strong><\/p>\n<h3><strong>CHEVROLET<\/strong><\/h3>\n<p><strong>ASTRA &#8211; (GLS \/ IMPORTADO \/ CD \/ SUNNY \/ HATHBACK) &#8211; GASOLINA &#8211; MEC\u00c2NICO 2.0I 8V &#8211; 116 CV &#8211; 91\/04<br \/>\nASTRA &#8211; (GLS \/ IMPORTADO \/ CD \/ SUNNY \/ HATHBACK) &#8211; GASOLINA &#8211; MEC\u00c2NICO 2.0I 8V &#8211; 116 CV &#8211; 91\/98<br \/>\nCALIBRA 2.0I 16V &#8211; 150 CV &#8211; 93\/97<br \/>\nOMEGA &#8211; (GL \/ GLS) &#8211; GASOLINA &#8211; MEC\u00c2NICO 2.2 8V &#8211; 120 CV \u2013 95\/97<br \/>\nVECTRA &#8211; (CD \/ GSI ) &#8211; GASOLINA &#8211; AUTOM\u00c1TICO \/ MEC\u00c2NICO 2.0 16V \u2013 94\/05<br \/>\nPOLO &#8211; (G3 &#8211; CLASSIC) &#8211; GASOLINA &#8211; MEC\u00c2NICO 1.8 8V &#8211; 90 CV &#8211; 96\/97<br \/>\nVAN 1.6 8V &#8211; 91 CV &#8211; 98\/03<\/strong><\/p>\n","protected":false},"excerpt":{"rendered":"<p>APLICA\u00c7\u00c3O: CITROEN BERLINGO &#8211; (GLX) GASOLINA &#8211; MEC\u00c2NICO 1.8 8V 98\/&#8230; AX &#8211; (GTI) &#8211; GASOLINA &#8211; AUTOM\u00c1TICO 1.4 8V<\/p>\n","protected":false},"featured_media":23803,"comment_status":"open","ping_status":"closed","template":"","meta":{"content-type":"","jetpack_publicize_message":"","jetpack_is_tweetstorm":false,"jetpack_publicize_feature_enabled":true,"jetpack_social_post_already_shared":true,"jetpack_social_options":{"image_generator_settings":{"template":"highway","enabled":false}}},"product_cat":[106,20],"product_tag":[],"jetpack_publicize_connections":[],"_links":{"self":[{"href":"https:\/\/dalautopecas.com.br\/index.php\/wp-json\/wp\/v2\/product\/22147"}],"collection":[{"href":"https:\/\/dalautopecas.com.br\/index.php\/wp-json\/wp\/v2\/product"}],"about":[{"href":"https:\/\/dalautopecas.com.br\/index.php\/wp-json\/wp\/v2\/types\/product"}],"replies":[{"embeddable":true,"href":"https:\/\/dalautopecas.com.br\/index.php\/wp-json\/wp\/v2\/comments?post=22147"}],"version-history":[{"count":12,"href":"https:\/\/dalautopecas.com.br\/index.php\/wp-json\/wp\/v2\/product\/22147\/revisions"}],"predecessor-version":[{"id":23807,"href":"https:\/\/dalautopecas.com.br\/index.php\/wp-json\/wp\/v2\/product\/22147\/revisions\/23807"}],"wp:featuredmedia":[{"embeddable":true,"href":"https:\/\/dalautopecas.com.br\/index.php\/wp-json\/wp\/v2\/media\/23803"}],"wp:attachment":[{"href":"https:\/\/dalautopecas.com.br\/index.php\/wp-json\/wp\/v2\/media?parent=22147"}],"wp:term":[{"taxonomy":"product_cat","embeddable":true,"href":"https:\/\/dalautopecas.com.br\/index.php\/wp-json\/wp\/v2\/product_cat?post=22147"},{"taxonomy":"product_tag","embeddable":true,"href":"https:\/\/dalautopecas.com.br\/index.php\/wp-json\/wp\/v2\/product_tag?post=22147"}],"curies":[{"name":"wp","href":"https:\/\/api.w.org\/{rel}","templated":true}]}}