{"id":22143,"date":"2023-07-03T08:23:03","date_gmt":"2023-07-03T11:23:03","guid":{"rendered":"https:\/\/dalautopecas.com.br\/?post_type=product&#038;p=22143"},"modified":"2024-09-17T09:50:54","modified_gmt":"2024-09-17T12:50:54","slug":"filtro-de-combustivel-wega-fci1600-gi41-fiat-cinquencento-palio-grand-siena-palio-weekend-strada-palio-siena","status":"publish","type":"product","link":"https:\/\/dalautopecas.com.br\/index.php\/produto\/filtro-de-combustivel-wega-fci1600-gi41-fiat-cinquencento-palio-grand-siena-palio-weekend-strada-palio-siena\/","title":{"rendered":"FILTRO DE COMBUST\u00cdVEL PALIO\/WEEKEND\/SIENA\/STRADA\/&#8230; &#8211; FIAT &#8211; FCI1600 &#8211; WEGA"},"content":{"rendered":"<h3><strong>APLICA\u00c7\u00c3O:<\/strong><\/h3>\n<h3><strong>FIAT<\/strong><\/h3>\n<h5>SIENA &#8211; (ELX) &#8211; GASOLINA &#8211; MEC\u00c2NICO 1.6 16V &#8211; 106 CV &#8211; 96 \/98<br \/>\nSIENA &#8211; \u00c1LCOOL \/ GASOLINA &#8211; MEC\u00c2NICO 1.5 8V &#8211; 77 CV &#8211; 96\/98<br \/>\nSIENA FLEX &#8211; (ESSENCE \/ HLX) &#8211; \u00c1LCOOL \/ GASOLINA &#8211; DUALOGIC \/ MEC\u00c2NICO 1.6 16V &#8211; 117 CV &#8211; 10\/11<br \/>\nSIENA TETRA FUEL &#8211; \u00c1LCOOL \/ GASOLINA \/ GNV &#8211; MEC\u00c2NICO 1.4 8V &#8211; 82 CV &#8211; 07 \/12<\/h5>\n<h5>SPAZIO 1.3 8V &#8211; 82\/87<\/h5>\n<h5>STRADA 1.6 16V &#8211; 106 CV &#8211; 01\/02<br \/>\nSTRADA &#8211; (TREKKING \/ CE \/ CS \/ LX) &#8211; GASOLINA &#8211; MEC\u00c2NICO 1.6 8V &#8211; 106 CV &#8211; 99\/00<br \/>\nSTRADA &#8211; (WORKING \/ CD \/ CE \/ CS) &#8211; \u00c1LCOOL \/ GASOLINA &#8211; MEC\u00c2NICO 1.5 8V &#8211; 77 CV &#8211; 00\/04<\/h5>\n<h5>CINQUECENTO &#8211; (ABARTH) &#8211; GASOLINA &#8211; DUALOGIC \/ MEC\u00c2NICO 1.4 16V &#8211; 167 CV &#8211; 15\/&#8230;<br \/>\nCINQUECENTO &#8211; (CULT \/ CABRIO \/ LOUGE AIR) &#8211; GASOLINA &#8211; DUALOGIC \/ MEC\u00c2NICO 1.4 16V &#8211; 105 CV &#8211; 12\/14<br \/>\nCINQUECENTO &#8211; (LOUNGE \/ SPORT) &#8211; GASOLINA &#8211; DUALOGIC \/ MEC\u00c2NICO 1.4 16V &#8211; 100 CV &#8211; 09\/12<br \/>\nCINQUECENTO FLEX &#8211; (CULT \/ CABRIO \/ LOUGE AIR) &#8211; DUALOGIC \/ MEC\u00c2NICO 1.4 8V &#8211; 105 CV &#8211; 12\/14<br \/>\nCINQUECENTO FLEX &#8211; (CULT \/ CABRIO \/ LOUGE AIR) &#8211; DUALOGIC \/ MEC\u00c2NICO 1.4 8V &#8211; 167 CV &#8211; 15\/&#8230;<\/h5>\n<h5>GRAND SIENA TETRA FUEL &#8211; \u00c1LCOOL \/ GNV \/ GASOLINA &#8211; MEC\u00c2NICO 1.4 8V &#8211; 84 CV &#8211; 12\/&#8230;<br \/>\nGRAND SIENA TETRA FUEL &#8211; \u00c1LCOOL \/ GNV \/ GASOLINA &#8211; MEC\u00c2NICO 1.4 8V &#8211; 84 CV &#8211; 15\/&#8230;<\/h5>\n<h5>PALIO 1.0 8V &#8211; 61 CV &#8211; 98\/99<br \/>\nPALIO 1.0 8V &#8211; 61 CV &#8211; 96\/97<br \/>\nPALIO &#8211; (EL \/ ELX) &#8211; GASOLINA &#8211; MEC\u00c2NICO 1.5 8V &#8211; 77 CV &#8211; 98\/00<br \/>\nPALIO &#8211; (EL \/ ELX) &#8211; GASOLINA &#8211; MEC\u00c2NICO 1.6 16V &#8211; 106 CV &#8211; 98\/00<br \/>\nPALIO &#8211; (EL \/ ELX) &#8211; GASOLINA &#8211; MEC\u00c2NICO 1.5 8V &#8211; 77 CV &#8211; 96\/98<br \/>\nPALIO &#8211; (EL \/ ELX) &#8211; GASOLINA &#8211; MEC\u00c2NICO 1.6 16V &#8211; 106 CV &#8211; 96\/98<br \/>\nPALIO &#8211; (EL \/ ELX) &#8211; GASOLINA &#8211; MEC\u00c2NICO 1.6 8V &#8211; 92 CV &#8211; 97\/01<\/h5>\n<h5>PALIO WEEKEND &#8211; (ELX) &#8211; GASOLINA &#8211; MEC\u00c2NICO 1.0 8V &#8211; 61 CV &#8211; 98\/00<br \/>\nPALIO WEEKEND &#8211; (ELX) &#8211; GASOLINA &#8211; MEC\u00c2NICO 1.0 8V &#8211; 61 CV &#8211; 96\/98<\/h5>\n<h5>SIENA &#8211; (ELX \/ EX) &#8211; GASOLINA &#8211; MEC\u00c2NICO 1.0 8V &#8211; 61 CV &#8211; 98\/00<br \/>\nSIENA &#8211; (ELX \/ EX) &#8211; GASOLINA &#8211; MEC\u00c2NICO 1.0 8V &#8211; 61 CV &#8211; 96\/98<br \/>\nSIENA &#8211; (ELX) &#8211; \u00c1LCOOL \/ GASOLINA &#8211; MEC\u00c2NICO 1.5 16V &#8211; 77 CV &#8211; 98\/00<br \/>\nSIENA &#8211; (ELX) &#8211; \u00c1LCOOL \/ GASOLINA &#8211; MEC\u00c2NICO 1.5 16V &#8211; 77 CV &#8211; 03\/04<br \/>\nSIENA &#8211; (ELX) &#8211; GASOLINA &#8211; MEC\u00c2NICO 1.6 16V &#8211; 106 CV &#8211; 98\/00<\/h5>\n","protected":false},"excerpt":{"rendered":"<p>APLICA\u00c7\u00c3O: FIAT SIENA &#8211; (ELX) &#8211; GASOLINA &#8211; MEC\u00c2NICO 1.6 16V &#8211; 106 CV &#8211; 96 \/98 SIENA &#8211; \u00c1LCOOL<\/p>\n","protected":false},"featured_media":23090,"comment_status":"open","ping_status":"closed","template":"","meta":{"content-type":"","jetpack_publicize_message":"","jetpack_is_tweetstorm":false,"jetpack_publicize_feature_enabled":true,"jetpack_social_post_already_shared":false,"jetpack_social_options":{"image_generator_settings":{"template":"highway","enabled":false}}},"product_cat":[106,20],"product_tag":[],"jetpack_publicize_connections":[],"_links":{"self":[{"href":"https:\/\/dalautopecas.com.br\/index.php\/wp-json\/wp\/v2\/product\/22143"}],"collection":[{"href":"https:\/\/dalautopecas.com.br\/index.php\/wp-json\/wp\/v2\/product"}],"about":[{"href":"https:\/\/dalautopecas.com.br\/index.php\/wp-json\/wp\/v2\/types\/product"}],"replies":[{"embeddable":true,"href":"https:\/\/dalautopecas.com.br\/index.php\/wp-json\/wp\/v2\/comments?post=22143"}],"version-history":[{"count":8,"href":"https:\/\/dalautopecas.com.br\/index.php\/wp-json\/wp\/v2\/product\/22143\/revisions"}],"predecessor-version":[{"id":23107,"href":"https:\/\/dalautopecas.com.br\/index.php\/wp-json\/wp\/v2\/product\/22143\/revisions\/23107"}],"wp:featuredmedia":[{"embeddable":true,"href":"https:\/\/dalautopecas.com.br\/index.php\/wp-json\/wp\/v2\/media\/23090"}],"wp:attachment":[{"href":"https:\/\/dalautopecas.com.br\/index.php\/wp-json\/wp\/v2\/media?parent=22143"}],"wp:term":[{"taxonomy":"product_cat","embeddable":true,"href":"https:\/\/dalautopecas.com.br\/index.php\/wp-json\/wp\/v2\/product_cat?post=22143"},{"taxonomy":"product_tag","embeddable":true,"href":"https:\/\/dalautopecas.com.br\/index.php\/wp-json\/wp\/v2\/product_tag?post=22143"}],"curies":[{"name":"wp","href":"https:\/\/api.w.org\/{rel}","templated":true}]}}