{"id":22159,"date":"2023-07-03T08:50:31","date_gmt":"2023-07-03T11:50:31","guid":{"rendered":"https:\/\/dalautopecas.com.br\/?page_id=22159"},"modified":"2024-05-14T10:21:16","modified_gmt":"2024-05-14T13:21:16","slug":"politicas-e-seguranca","status":"publish","type":"page","link":"https:\/\/dalautopecas.com.br\/index.php\/politicas-e-seguranca\/","title":{"rendered":"POL\u00cdTICAS DE TROCA E SEGURAN\u00c7A"},"content":{"rendered":"\n<p class=\"has-medium-font-size\">A Dal auto pe\u00e7as oferece 7 dias corridos ap\u00f3s o recebimento da mercadoria, para troca ou devolu\u00e7\u00e3o do produto.<\/p>\n\n\n\n<p class=\"has-medium-font-size\">Para solicitar a troca ou devolu\u00e7\u00e3o do produto, tenham em m\u00e3os os dados do pedido, envie um e-mail para atendimento@dalautopecas.com.br,<\/p>\n\n\n\n<p class=\"has-medium-font-size\"> ou mande um whatsApp para (11) 94034-7951.<\/p>\n\n\n\n<p class=\"has-medium-font-size\">Assim que solicitar a troca ou devolu\u00e7\u00e3o, aguarde 24h para receber um e-mail com as informa\u00e7\u00f5es para efetuar a troca ou devolu\u00e7\u00e3o.<\/p>\n\n\n\n<p class=\"has-medium-font-size\">O cliente pode devolver o produto dentro do prazo de 7 dias ap\u00f3s o recebimento, por esse motivo a pe\u00e7a n\u00e3o pode ter sido utilizada.<\/p>\n\n\n\n<p class=\"has-medium-font-size\">Se o cliente quiser trocar a pe\u00e7a por outra que \u00e9 mais cara, deve-se pagar a diferen\u00e7a e o valor do frete respectivo ao envio do produto.<\/p>\n\n\n\n<p class=\"has-medium-font-size\">Se o cliente decidir que n\u00e3o quer trocar o produto, ele pode requere o valor do produto.<\/p>\n\n\n\n<p class=\"has-medium-font-size\">Tamb\u00e9m se tem a op\u00e7\u00e3o de receber o valor da devolu\u00e7\u00e3o, em cr\u00e9dito para uma nova compra de nossos produtos, exceto o valor do frete. <\/p>\n\n\n\n<p class=\"has-medium-font-size\">Se o produto que for escolhido tiver o valor menor, o cliente ficar\u00e1 com um cr\u00e9dito, para uma nova compra, somente o valor do produto.<\/p>\n\n\n\n<p class=\"has-medium-font-size\">Trocamos a pe\u00e7a, damos cr\u00e9dito ou devolvemos o valor, se o produto n\u00e3o apresentar mal uso, a embalagem n\u00e3o pode estar rasurada, as pe\u00e7as devem estar intactas, da forma que recebeu. <\/p>\n\n\n\n<p class=\"has-medium-font-size\">Se for detectado que a pe\u00e7a foi usada, ou apresentar mal uso devolveremos o produto no endere\u00e7o de entrega.<\/p>\n\n\n\n<p class=\"has-medium-font-size\"><strong>*O produto de troca deve estar dispon\u00edvel no estoque.*<\/strong><\/p>\n\n\n\n<p><\/p>\n\n\n\n<p><\/p>\n\n\n\n<p class=\"has-luminous-vivid-amber-color has-text-color has-large-font-size\"><strong>FRETE<\/strong><\/p>\n\n\n\n<p class=\"has-medium-font-size\">A entrega tem inicio ap\u00f3s a confirma\u00e7\u00e3o do pagamento, consulte o ser CEP, o cliente receber\u00e1 notifica\u00e7\u00f5es em tempo real sobre o status do seu pedido.<\/p>\n\n\n\n<p class=\"has-medium-font-size\">O tempo de entrega pode variar de acordo com a regi\u00e3o do cliente.<\/p>\n\n\n\n<p class=\"has-medium-font-size\">N\u00e3o consideramos s\u00e1bados, domingos e feriados.<\/p>\n\n\n\n<p class=\"has-medium-font-size\">Os nossos produtos s\u00e3o sempre enviados acompanhados da Nota Fiscal da compra.<\/p>\n\n\n\n<p class=\"has-medium-font-size\">Formas de envio dispon\u00edveis:<\/p>\n\n\n\n<p class=\"has-large-font-size\"><strong>Retirada pessoalmente<\/strong><\/p>\n\n\n\n<p class=\"has-medium-font-size\">Somente para a cidade S\u00e3o Paulo. Entraremos em contato quando o seu pedido estiver pronto para retirada.<\/p>\n\n\n\n<p class=\"has-large-font-size\"><strong>Correios<\/strong><\/p>\n\n\n\n<p class=\"has-medium-font-size\">Possu\u00edmos o&nbsp;prazo de 3 dias \u00fateis&nbsp;para postar seu produto nos correios. Ent\u00e3o o c\u00e1lculo deve ser feito sempre em 3 dias \u00fateis, mais o prazo do meio de entrega.<\/p>\n\n\n\n<p class=\"has-large-font-size\"><strong>Entregas de moto<\/strong><\/p>\n\n\n\n<p class=\"has-medium-font-size\">Somente para entregas no raio de 10KM.<\/p>\n","protected":false},"excerpt":{"rendered":"<p>A Dal auto pe\u00e7as oferece 7 dias corridos ap\u00f3s o recebimento da mercadoria, para troca ou devolu\u00e7\u00e3o do produto. Para<\/p>\n","protected":false},"author":1,"featured_media":0,"parent":0,"menu_order":0,"comment_status":"closed","ping_status":"closed","template":"","meta":{"content-type":""},"_links":{"self":[{"href":"https:\/\/dalautopecas.com.br\/index.php\/wp-json\/wp\/v2\/pages\/22159"}],"collection":[{"href":"https:\/\/dalautopecas.com.br\/index.php\/wp-json\/wp\/v2\/pages"}],"about":[{"href":"https:\/\/dalautopecas.com.br\/index.php\/wp-json\/wp\/v2\/types\/page"}],"author":[{"embeddable":true,"href":"https:\/\/dalautopecas.com.br\/index.php\/wp-json\/wp\/v2\/users\/1"}],"replies":[{"embeddable":true,"href":"https:\/\/dalautopecas.com.br\/index.php\/wp-json\/wp\/v2\/comments?post=22159"}],"version-history":[{"count":13,"href":"https:\/\/dalautopecas.com.br\/index.php\/wp-json\/wp\/v2\/pages\/22159\/revisions"}],"predecessor-version":[{"id":23525,"href":"https:\/\/dalautopecas.com.br\/index.php\/wp-json\/wp\/v2\/pages\/22159\/revisions\/23525"}],"wp:attachment":[{"href":"https:\/\/dalautopecas.com.br\/index.php\/wp-json\/wp\/v2\/media?parent=22159"}],"curies":[{"name":"wp","href":"https:\/\/api.w.org\/{rel}","templated":true}]}}